{"id":2981,"date":"2020-11-30T10:36:18","date_gmt":"2020-11-30T10:36:18","guid":{"rendered":"http:\/\/orkestra.studio\/sound\/?page_id=2981"},"modified":"2023-09-21T11:47:51","modified_gmt":"2023-09-21T11:47:51","slug":"faire-un-devis-de-doublage-francais","status":"publish","type":"page","link":"http:\/\/orkestra.studio\/sound\/fr\/faire-un-devis-de-doublage-francais\/","title":{"rendered":"Devis"},"content":{"rendered":"\n[et_pb_section fb_built=&#8221;1&#8243; _builder_version=&#8221;4.16&#8243; background_enable_color=&#8221;off&#8221; background_enable_image=&#8221;off&#8221; global_colors_info=&#8221;{}&#8221;][et_pb_row column_structure=&#8221;1_4,1_2,1_4&#8243; gutter_width=&#8221;1&#8243; custom_padding_last_edited=&#8221;on|phone&#8221; _builder_version=&#8221;4.16&#8243; custom_padding_tablet=&#8221;&#8221; custom_padding_phone=&#8221;||0px||false|false&#8221; border_width_bottom=&#8221;1px&#8221; border_style_bottom=&#8221;dashed&#8221; global_colors_info=&#8221;{}&#8221;][et_pb_column type=&#8221;1_4&#8243; _builder_version=&#8221;4.16&#8243; global_colors_info=&#8221;{}&#8221;][et_pb_text _builder_version=&#8221;4.16&#8243; header_font=&#8221;|800|||||||&#8221; header_text_align=&#8221;right&#8221; header_font_size=&#8221;57px&#8221; custom_margin=&#8221;|3px|0px||false|false&#8221; global_colors_info=&#8221;{}&#8221;]<h1 style=\"text-align: left;\">FAIRE UN DEVIS<\/h1>[\/et_pb_text][\/et_pb_column][et_pb_column type=&#8221;1_2&#8243; _builder_version=&#8221;4.16&#8243; global_colors_info=&#8221;{}&#8221;][et_pb_text _builder_version=&#8221;4.22.1&#8243; text_font_size=&#8221;38px&#8221; text_letter_spacing=&#8221;1px&#8221; text_line_height=&#8221;1.1em&#8221; custom_margin=&#8221;2px||||false|false&#8221; custom_padding=&#8221;0px||||false|false&#8221; custom_padding_tablet=&#8221;&#8221; custom_padding_phone=&#8221;||20px||false|false&#8221; custom_padding_last_edited=&#8221;on|phone&#8221; text_font_size_tablet=&#8221;&#8221; text_font_size_phone=&#8221;33px&#8221; text_font_size_last_edited=&#8221;on|phone&#8221; global_colors_info=&#8221;{}&#8221;]<p style=\"text-align: left;\">Nous simplifions vos demandes de devis, vouas trouvez un prix rapidement !<\/p>[\/et_pb_text][\/et_pb_column][et_pb_column type=&#8221;1_4&#8243; _builder_version=&#8221;4.16&#8243; global_colors_info=&#8221;{}&#8221;][et_pb_blurb use_icon=&#8221;on&#8221; font_icon=&#8221;&#x77;||divi||400&#8243; image_icon_width=&#8221;150px&#8221; _builder_version=&#8221;4.16&#8243; positioning=&#8221;relative&#8221; vertical_offset=&#8221;0px&#8221; horizontal_offset=&#8221;-61px&#8221; custom_margin=&#8221;7px|||82px|false|false&#8221; custom_margin_tablet=&#8221;&#8221; custom_margin_phone=&#8221;-4px||||false|false&#8221; custom_margin_last_edited=&#8221;on|phone&#8221; custom_padding=&#8221;0px||||false|false&#8221; custom_padding_tablet=&#8221;&#8221; custom_padding_phone=&#8221;0px||0px||false|false&#8221; custom_padding_last_edited=&#8221;on|phone&#8221; icon_font_size=&#8221;150px&#8221; global_colors_info=&#8221;{}&#8221;][\/et_pb_blurb][\/et_pb_column][\/et_pb_row][et_pb_row _builder_version=&#8221;4.22.1&#8243; module_alignment=&#8221;center&#8221; custom_padding=&#8221;|0px|||false|false&#8221; border_style_bottom=&#8221;dashed&#8221; global_colors_info=&#8221;{}&#8221;][et_pb_column type=&#8221;4_4&#8243; _builder_version=&#8221;4.16&#8243; global_colors_info=&#8221;{}&#8221;][et_pb_contact_form use_spam_service=&#8221;on&#8221; recaptcha_list=&#8221;Default|Default-0&#8243; email=&#8221;sound@orkestra.studio&#8221; success_message=&#8221;Merci! Votre devis sera envoy\u00e9 dans les 48 heures.&#8221; submit_button_text=&#8221;Envoyer&#8221; _builder_version=&#8221;4.22.1&#8243; _unique_id=&#8221;ed233ece-4a5c-4133-a8a0-315dd0187aba&#8221; custom_button=&#8221;on&#8221; button_text_color=&#8221;#ffffff&#8221; button_bg_color=&#8221;#e09900&#8243; global_colors_info=&#8221;{}&#8221;][et_pb_contact_field field_id=&#8221;Votre_nom_ou_Soci\u00e9t\u00e9&#8221; field_title=&#8221;Votre nom ou Soci\u00e9t\u00e9&#8221; min_length=&#8221;1&#8243; _builder_version=&#8221;4.16&#8243; global_colors_info=&#8221;{}&#8221; button_text_size__hover_enabled=&#8221;off&#8221; button_one_text_size__hover_enabled=&#8221;off&#8221; button_two_text_size__hover_enabled=&#8221;off&#8221; button_text_color__hover_enabled=&#8221;off&#8221; button_one_text_color__hover_enabled=&#8221;off&#8221; button_two_text_color__hover_enabled=&#8221;off&#8221; button_border_width__hover_enabled=&#8221;off&#8221; button_one_border_width__hover_enabled=&#8221;off&#8221; button_two_border_width__hover_enabled=&#8221;off&#8221; button_border_color__hover_enabled=&#8221;off&#8221; button_one_border_color__hover_enabled=&#8221;off&#8221; button_two_border_color__hover_enabled=&#8221;off&#8221; button_border_radius__hover_enabled=&#8221;off&#8221; button_one_border_radius__hover_enabled=&#8221;off&#8221; button_two_border_radius__hover_enabled=&#8221;off&#8221; button_letter_spacing__hover_enabled=&#8221;off&#8221; button_one_letter_spacing__hover_enabled=&#8221;off&#8221; button_two_letter_spacing__hover_enabled=&#8221;off&#8221; button_bg_color__hover_enabled=&#8221;off&#8221; button_one_bg_color__hover_enabled=&#8221;off&#8221; button_two_bg_color__hover_enabled=&#8221;off&#8221;][\/et_pb_contact_field][et_pb_contact_field field_id=&#8221;Email&#8221; field_title=&#8221;Email&#8221; field_type=&#8221;email&#8221; _builder_version=&#8221;4.16&#8243; global_colors_info=&#8221;{}&#8221; button_text_size__hover_enabled=&#8221;off&#8221; button_one_text_size__hover_enabled=&#8221;off&#8221; button_two_text_size__hover_enabled=&#8221;off&#8221; button_text_color__hover_enabled=&#8221;off&#8221; button_one_text_color__hover_enabled=&#8221;off&#8221; button_two_text_color__hover_enabled=&#8221;off&#8221; button_border_width__hover_enabled=&#8221;off&#8221; button_one_border_width__hover_enabled=&#8221;off&#8221; button_two_border_width__hover_enabled=&#8221;off&#8221; button_border_color__hover_enabled=&#8221;off&#8221; button_one_border_color__hover_enabled=&#8221;off&#8221; button_two_border_color__hover_enabled=&#8221;off&#8221; button_border_radius__hover_enabled=&#8221;off&#8221; button_one_border_radius__hover_enabled=&#8221;off&#8221; button_two_border_radius__hover_enabled=&#8221;off&#8221; button_letter_spacing__hover_enabled=&#8221;off&#8221; button_one_letter_spacing__hover_enabled=&#8221;off&#8221; button_two_letter_spacing__hover_enabled=&#8221;off&#8221; button_bg_color__hover_enabled=&#8221;off&#8221; button_one_bg_color__hover_enabled=&#8221;off&#8221; button_two_bg_color__hover_enabled=&#8221;off&#8221;][\/et_pb_contact_field][et_pb_contact_field field_id=&#8221;LANGUE&#8221; field_title=&#8221;LANGUAGE DE DESTINATION&#8221; field_type=&#8221;select&#8221; select_options=&#8221;%91{%22value%22:%22TO FRENCH%22,%22checked%22:0,%22dragID%22:-1},{%22value%22:%22TO SPANISH%22,%22checked%22:0,%22dragID%22:0},{%22value%22:%22TO GERMAN%22,%22checked%22:0,%22dragID%22:1},{%22value%22:%22TO ENGLISH%22,%22checked%22:0,%22dragID%22:2}%93&#8243; required_mark=&#8221;off&#8221; _builder_version=&#8221;4.16&#8243; global_colors_info=&#8221;{}&#8221; button_text_size__hover_enabled=&#8221;off&#8221; button_one_text_size__hover_enabled=&#8221;off&#8221; button_two_text_size__hover_enabled=&#8221;off&#8221; button_text_color__hover_enabled=&#8221;off&#8221; button_one_text_color__hover_enabled=&#8221;off&#8221; button_two_text_color__hover_enabled=&#8221;off&#8221; button_border_width__hover_enabled=&#8221;off&#8221; button_one_border_width__hover_enabled=&#8221;off&#8221; button_two_border_width__hover_enabled=&#8221;off&#8221; button_border_color__hover_enabled=&#8221;off&#8221; button_one_border_color__hover_enabled=&#8221;off&#8221; button_two_border_color__hover_enabled=&#8221;off&#8221; button_border_radius__hover_enabled=&#8221;off&#8221; button_one_border_radius__hover_enabled=&#8221;off&#8221; button_two_border_radius__hover_enabled=&#8221;off&#8221; button_letter_spacing__hover_enabled=&#8221;off&#8221; button_one_letter_spacing__hover_enabled=&#8221;off&#8221; button_two_letter_spacing__hover_enabled=&#8221;off&#8221; button_bg_color__hover_enabled=&#8221;off&#8221; button_one_bg_color__hover_enabled=&#8221;off&#8221; button_two_bg_color__hover_enabled=&#8221;off&#8221;][\/et_pb_contact_field][et_pb_contact_field field_id=&#8221;project_types&#8221; field_title=&#8221;TYPE DE PROJET &#8221; field_type=&#8221;select&#8221; select_options=&#8221;%91{%22value%22:%22DUBBING LIP-SYNC%22,%22checked%22:0,%22dragID%22:-1},{%22value%22:%22VOICE OVER%22,%22checked%22:0,%22dragID%22:0},{%22value%22:%22MIXING%22,%22checked%22:0,%22dragID%22:1},{%22value%22:%22VOICE WORK \/ CONTENT%22,%22checked%22:0,%22dragID%22:2},{%22value%22:%22OTHER%22,%22checked%22:0,%22dragID%22:3}%93&#8243; _builder_version=&#8221;4.16&#8243; global_colors_info=&#8221;{}&#8221;][\/et_pb_contact_field][et_pb_contact_field field_id=&#8221;services_add_on&#8221; field_title=&#8221;LES SERVICES DONT VOUS AVEZ BESOIN&#8221; field_type=&#8221;checkbox&#8221; checkbox_options=&#8221;%91{%22value%22:%22traduction du script%22,%22checked%22:0,%22dragID%22:-1},{%22value%22:%22adaptation du script%22,%22checked%22:0,%22dragID%22:0},{%22value%22:%22mixage 2.0 (stereo)%22,%22checked%22:0,%22dragID%22:1},{%22value%22:%22mixage 5.1 (dolby)%22,%22checked%22:0,%22dragID%22:2}%93&#8243; required_mark=&#8221;off&#8221; _builder_version=&#8221;4.22.1&#8243; form_field_font_size=&#8221;17px&#8221; form_field_letter_spacing=&#8221;0px&#8221; form_field_line_height=&#8221;1.1em&#8221; global_colors_info=&#8221;{}&#8221; form_field_background_color__hover_enabled=&#8221;on|desktop&#8221; form_field_background_color__hover=&#8221;#e09900&#8243;][\/et_pb_contact_field][et_pb_contact_field field_id=&#8221;Running_time&#8221; field_title=&#8221;Minutage et\/ou Nombre d\u00b4\u00e9pisodes&#8221; fullwidth_field=&#8221;on&#8221; _builder_version=&#8221;4.22.1&#8243; _module_preset=&#8221;default&#8221; global_colors_info=&#8221;{}&#8221;][\/et_pb_contact_field][et_pb_contact_field field_id=&#8221;comments&#8221; field_title=&#8221;Vos commentaires, plus de d\u00e9tails&#8221; required_mark=&#8221;off&#8221; fullwidth_field=&#8221;on&#8221; _builder_version=&#8221;4.16&#8243; global_colors_info=&#8221;{}&#8221;][\/et_pb_contact_field][\/et_pb_contact_form][\/et_pb_column][\/et_pb_row][et_pb_row _builder_version=&#8221;4.22.1&#8243; _module_preset=&#8221;default&#8221; global_colors_info=&#8221;{}&#8221;][et_pb_column type=&#8221;4_4&#8243; _builder_version=&#8221;4.22.1&#8243; _module_preset=&#8221;default&#8221; global_colors_info=&#8221;{}&#8221;][et_pb_toggle title=&#8221;Notre liste d\u00b4infos pour vos devis&#8221; _builder_version=&#8221;4.22.1&#8243; _module_preset=&#8221;default&#8221; icon_color=&#8221;#E09900&#8243; open_icon_color=&#8221;#E09900&#8243; body_font_size_last_edited=&#8221;on|desktop&#8221; body_font_size=&#8221;15px&#8221; hover_enabled=&#8221;0&#8243; sticky_enabled=&#8221;0&#8243; body_font_size_tablet=&#8221;15px&#8221; body_font_size_phone=&#8221;15px&#8221;]<ul>\n<li><strong>D\u00c9TAILS DU PROJET :<\/strong><br \/>DUR\u00c9E TOTALE (MUNITES, NOMBRE D&#8217;\u00c9PISODES, ETC.)<br \/>NOMBRE DE TALENTS N\u00c9CESSAIRES (\u00c9CHANTILLON DE SCRIPT OU DE VID\u00c9O DISPONIBLE)<br \/>LANGUE D&#8217;ORIGINE ET DE DESTINATION<\/li>\n<\/ul>\n<p>MAT\u00c9RIEL RE\u00c7U : FORMAT DU SC\u00c9NARIO, TYPE DE VID\u00c9O<\/p>\n<p>CASTING SUR MESURE OU \u00c0 PARTIR D&#8217;UNE BIBLIOTH\u00c8QUE<br \/>TYPE DE DROITS (PERP\u00c9TUIT\u00c9, DIFFUSION)<\/p>\n<ul>\n<li><strong>SERVICES LI\u00c9S AU PROJET :<\/strong><br \/>TRADUCTION ET ADAPTATION N\u00c9CESSAIRES<br \/>TYPE DE MIXAGE (2.0 \/ 5.1 \/ PAS DE MIXAGE)<br \/>VOIX OFF OU SYNCHRONISATION LABIALE (DOUBLAGE)<\/li>\n<li><strong>D\u00c9LIVRABLES ET PLANING:<\/strong><br \/>LIVRAISON DU MAT\u00c9RIEL EN UNE SEULE FOIS OU PAR LOTS<br \/>D\u00c9LAI DE LIVRAISON ET PLANIFICATION<\/li>\n<\/ul>\n<p>&nbsp;<\/p>[\/et_pb_toggle][\/et_pb_column][\/et_pb_row][\/et_pb_section]\n","protected":false},"excerpt":{"rendered":"<p>FAIRE UN DEVISNous simplifions vos demandes de devis, vouas trouvez un prix rapidement ! D\u00c9TAILS DU PROJET :DUR\u00c9E TOTALE (MUNITES, NOMBRE D&#8217;\u00c9PISODES, ETC.)NOMBRE DE TALENTS N\u00c9CESSAIRES (\u00c9CHANTILLON DE SCRIPT OU DE VID\u00c9O DISPONIBLE)LANGUE D&#8217;ORIGINE ET DE DESTINATION MAT\u00c9RIEL RE\u00c7U : FORMAT DU SC\u00c9NARIO, TYPE DE VID\u00c9O CASTING SUR MESURE OU \u00c0 PARTIR D&#8217;UNE BIBLIOTH\u00c8QUETYPE DE [&hellip;]<\/p>\n","protected":false},"author":1,"featured_media":0,"parent":0,"menu_order":0,"comment_status":"closed","ping_status":"closed","template":"","meta":{"_et_pb_use_builder":"on","_et_pb_old_content":"","_et_gb_content_width":"","footnotes":""},"class_list":["post-2981","page","type-page","status-publish","hentry"],"yoast_head":"<!-- This site is optimized with the Yoast SEO plugin v22.5 - https:\/\/yoast.com\/wordpress\/plugins\/seo\/ -->\n<title>DEVIS DE DOUBLAGE FRAN\u00c7AIS<\/title>\n<meta name=\"description\" content=\"Devis de doublage Fran\u00e7ais. Nous r\u00e9pondons \u00e0 vos demande dans les plus brefs d\u00e9lais selon vos besoins chez Orkestra Studio\" \/>\n<meta name=\"robots\" content=\"index, follow, max-snippet:-1, max-image-preview:large, max-video-preview:-1\" \/>\n<link rel=\"canonical\" href=\"http:\/\/orkestra.studio\/sound\/fr\/faire-un-devis-de-doublage-francais\/\" \/>\n<meta property=\"og:locale\" content=\"en_US\" \/>\n<meta property=\"og:type\" content=\"article\" \/>\n<meta property=\"og:title\" content=\"DEVIS DE DOUBLAGE FRAN\u00c7AIS\" \/>\n<meta property=\"og:description\" content=\"Devis de doublage Fran\u00e7ais. Nous r\u00e9pondons \u00e0 vos demande dans les plus brefs d\u00e9lais selon vos besoins chez Orkestra Studio\" \/>\n<meta property=\"og:url\" content=\"http:\/\/orkestra.studio\/sound\/fr\/faire-un-devis-de-doublage-francais\/\" \/>\n<meta property=\"og:site_name\" content=\"ORKESTRA STUDIO\" \/>\n<meta property=\"article:modified_time\" content=\"2023-09-21T11:47:51+00:00\" \/>\n<meta name=\"twitter:card\" content=\"summary_large_image\" \/>\n<meta name=\"twitter:label1\" content=\"Est. reading time\" \/>\n\t<meta name=\"twitter:data1\" content=\"2 minutes\" \/>\n<script type=\"application\/ld+json\" class=\"yoast-schema-graph\">{\"@context\":\"https:\/\/schema.org\",\"@graph\":[{\"@type\":\"WebPage\",\"@id\":\"http:\/\/orkestra.studio\/sound\/fr\/faire-un-devis-de-doublage-francais\/\",\"url\":\"http:\/\/orkestra.studio\/sound\/fr\/faire-un-devis-de-doublage-francais\/\",\"name\":\"DEVIS DE DOUBLAGE FRAN\u00c7AIS\",\"isPartOf\":{\"@id\":\"http:\/\/orkestra.studio\/sound\/#website\"},\"datePublished\":\"2020-11-30T10:36:18+00:00\",\"dateModified\":\"2023-09-21T11:47:51+00:00\",\"description\":\"Devis de doublage Fran\u00e7ais. Nous r\u00e9pondons \u00e0 vos demande dans les plus brefs d\u00e9lais selon vos besoins chez Orkestra Studio\",\"breadcrumb\":{\"@id\":\"http:\/\/orkestra.studio\/sound\/fr\/faire-un-devis-de-doublage-francais\/#breadcrumb\"},\"inLanguage\":\"en-US\",\"potentialAction\":[{\"@type\":\"ReadAction\",\"target\":[\"http:\/\/orkestra.studio\/sound\/fr\/faire-un-devis-de-doublage-francais\/\"]}]},{\"@type\":\"BreadcrumbList\",\"@id\":\"http:\/\/orkestra.studio\/sound\/fr\/faire-un-devis-de-doublage-francais\/#breadcrumb\",\"itemListElement\":[{\"@type\":\"ListItem\",\"position\":1,\"name\":\"Home\",\"item\":\"http:\/\/orkestra.studio\/sound\/\"},{\"@type\":\"ListItem\",\"position\":2,\"name\":\"Devis\"}]},{\"@type\":\"WebSite\",\"@id\":\"http:\/\/orkestra.studio\/sound\/#website\",\"url\":\"http:\/\/orkestra.studio\/sound\/\",\"name\":\"ORKESTRA STUDIO\",\"description\":\"Localization dubbing\",\"potentialAction\":[{\"@type\":\"SearchAction\",\"target\":{\"@type\":\"EntryPoint\",\"urlTemplate\":\"http:\/\/orkestra.studio\/sound\/?s={search_term_string}\"},\"query-input\":\"required name=search_term_string\"}],\"inLanguage\":\"en-US\"}]}<\/script>\n<!-- \/ Yoast SEO plugin. -->","yoast_head_json":{"title":"DEVIS DE DOUBLAGE FRAN\u00c7AIS","description":"Devis de doublage Fran\u00e7ais. Nous r\u00e9pondons \u00e0 vos demande dans les plus brefs d\u00e9lais selon vos besoins chez Orkestra Studio","robots":{"index":"index","follow":"follow","max-snippet":"max-snippet:-1","max-image-preview":"max-image-preview:large","max-video-preview":"max-video-preview:-1"},"canonical":"http:\/\/orkestra.studio\/sound\/fr\/faire-un-devis-de-doublage-francais\/","og_locale":"en_US","og_type":"article","og_title":"DEVIS DE DOUBLAGE FRAN\u00c7AIS","og_description":"Devis de doublage Fran\u00e7ais. Nous r\u00e9pondons \u00e0 vos demande dans les plus brefs d\u00e9lais selon vos besoins chez Orkestra Studio","og_url":"http:\/\/orkestra.studio\/sound\/fr\/faire-un-devis-de-doublage-francais\/","og_site_name":"ORKESTRA STUDIO","article_modified_time":"2023-09-21T11:47:51+00:00","twitter_card":"summary_large_image","twitter_misc":{"Est. reading time":"2 minutes"},"schema":{"@context":"https:\/\/schema.org","@graph":[{"@type":"WebPage","@id":"http:\/\/orkestra.studio\/sound\/fr\/faire-un-devis-de-doublage-francais\/","url":"http:\/\/orkestra.studio\/sound\/fr\/faire-un-devis-de-doublage-francais\/","name":"DEVIS DE DOUBLAGE FRAN\u00c7AIS","isPartOf":{"@id":"http:\/\/orkestra.studio\/sound\/#website"},"datePublished":"2020-11-30T10:36:18+00:00","dateModified":"2023-09-21T11:47:51+00:00","description":"Devis de doublage Fran\u00e7ais. Nous r\u00e9pondons \u00e0 vos demande dans les plus brefs d\u00e9lais selon vos besoins chez Orkestra Studio","breadcrumb":{"@id":"http:\/\/orkestra.studio\/sound\/fr\/faire-un-devis-de-doublage-francais\/#breadcrumb"},"inLanguage":"en-US","potentialAction":[{"@type":"ReadAction","target":["http:\/\/orkestra.studio\/sound\/fr\/faire-un-devis-de-doublage-francais\/"]}]},{"@type":"BreadcrumbList","@id":"http:\/\/orkestra.studio\/sound\/fr\/faire-un-devis-de-doublage-francais\/#breadcrumb","itemListElement":[{"@type":"ListItem","position":1,"name":"Home","item":"http:\/\/orkestra.studio\/sound\/"},{"@type":"ListItem","position":2,"name":"Devis"}]},{"@type":"WebSite","@id":"http:\/\/orkestra.studio\/sound\/#website","url":"http:\/\/orkestra.studio\/sound\/","name":"ORKESTRA STUDIO","description":"Localization dubbing","potentialAction":[{"@type":"SearchAction","target":{"@type":"EntryPoint","urlTemplate":"http:\/\/orkestra.studio\/sound\/?s={search_term_string}"},"query-input":"required name=search_term_string"}],"inLanguage":"en-US"}]}},"_links":{"self":[{"href":"http:\/\/orkestra.studio\/sound\/wp-json\/wp\/v2\/pages\/2981","targetHints":{"allow":["GET"]}}],"collection":[{"href":"http:\/\/orkestra.studio\/sound\/wp-json\/wp\/v2\/pages"}],"about":[{"href":"http:\/\/orkestra.studio\/sound\/wp-json\/wp\/v2\/types\/page"}],"author":[{"embeddable":true,"href":"http:\/\/orkestra.studio\/sound\/wp-json\/wp\/v2\/users\/1"}],"replies":[{"embeddable":true,"href":"http:\/\/orkestra.studio\/sound\/wp-json\/wp\/v2\/comments?post=2981"}],"version-history":[{"count":10,"href":"http:\/\/orkestra.studio\/sound\/wp-json\/wp\/v2\/pages\/2981\/revisions"}],"predecessor-version":[{"id":4291,"href":"http:\/\/orkestra.studio\/sound\/wp-json\/wp\/v2\/pages\/2981\/revisions\/4291"}],"wp:attachment":[{"href":"http:\/\/orkestra.studio\/sound\/wp-json\/wp\/v2\/media?parent=2981"}],"curies":[{"name":"wp","href":"https:\/\/api.w.org\/{rel}","templated":true}]}}