{"id":4217,"date":"2022-07-08T09:45:31","date_gmt":"2022-07-08T09:45:31","guid":{"rendered":"http:\/\/orkestra.studio\/sound\/?page_id=4217"},"modified":"2022-07-08T09:56:20","modified_gmt":"2022-07-08T09:56:20","slug":"services-denregistrement-de-voix-off","status":"publish","type":"page","link":"http:\/\/orkestra.studio\/sound\/fr\/services-denregistrement-de-voix-off\/","title":{"rendered":"Services d\u00b4enregistrement de Voix Off"},"content":{"rendered":"[et_pb_section fb_built=&#8221;1&#8243; custom_padding_last_edited=&#8221;on|desktop&#8221; _builder_version=&#8221;4.17.4&#8243; background_color=&#8221;#000000&#8243; background_enable_pattern_style=&#8221;on&#8221; background_pattern_style=&#8221;pills&#8221; background_pattern_color=&#8221;rgba(255,255,255,0.05)&#8221; background_pattern_transform=&#8221;invert&#8221; background_enable_mask_style=&#8221;on&#8221; background_mask_style=&#8221;caret&#8221; background_mask_color=&#8221;rgba(12,113,195,0.41)&#8221; background_mask_transform=&#8221;flip_horizontal|flip_vertical|invert&#8221; custom_padding=&#8221;50px||0px||false|false&#8221; custom_padding_tablet=&#8221;&#8221; custom_padding_phone=&#8221;&#8221; global_colors_info=&#8221;{}&#8221;][et_pb_row _builder_version=&#8221;4.16&#8243; module_alignment=&#8221;center&#8221; global_colors_info=&#8221;{}&#8221;][et_pb_column type=&#8221;4_4&#8243; _builder_version=&#8221;4.16&#8243; global_colors_info=&#8221;{}&#8221;][et_pb_image src=&#8221;http:\/\/orkestra.studio\/sound\/wp-content\/uploads\/2022\/05\/VOICE-OVER.png&#8221; alt=&#8221;ORKESTRA STUDIO&#8221; title_text=&#8221;VOICE OVER SERVICE&#8221; align=&#8221;center&#8221; _builder_version=&#8221;4.17.4&#8243; _module_preset=&#8221;default&#8221; width=&#8221;20%&#8221; min_height=&#8221;30%&#8221; filter_invert=&#8221;100%&#8221; global_colors_info=&#8221;{}&#8221;][\/et_pb_image][et_pb_text _builder_version=&#8221;4.17.4&#8243; text_text_color=&#8221;#ffffff&#8221; text_font_size=&#8221;15px&#8221; header_font=&#8221;|800|||||||&#8221; header_text_align=&#8221;left&#8221; header_text_color=&#8221;#ffffff&#8221; header_font_size=&#8221;117px&#8221; background_enable_color=&#8221;off&#8221; background_enable_image=&#8221;off&#8221; module_alignment=&#8221;center&#8221; text_font_size_tablet=&#8221;&#8221; text_font_size_phone=&#8221;15px&#8221; text_font_size_last_edited=&#8221;on|phone&#8221; header_font_size_tablet=&#8221;96px&#8221; header_font_size_phone=&#8221;65px&#8221; header_font_size_last_edited=&#8221;on|phone&#8221; header_letter_spacing_tablet=&#8221;&#8221; header_letter_spacing_phone=&#8221;0px&#8221; header_letter_spacing_last_edited=&#8221;on|phone&#8221; header_text_shadow_style=&#8221;preset5&#8243; global_colors_info=&#8221;{}&#8221;]\n<h1 style=\"text-align: center;\">VOIX OFF<\/h1>\n[\/et_pb_text][\/et_pb_column][\/et_pb_row][et_pb_row column_structure=&#8221;1_2,1_2&#8243; _builder_version=&#8221;4.16&#8243; global_colors_info=&#8221;{}&#8221;][et_pb_column type=&#8221;1_2&#8243; _builder_version=&#8221;4.16&#8243; global_colors_info=&#8221;{}&#8221;][et_pb_button button_url=&#8221;@ET-DC@eyJkeW5hbWljIjp0cnVlLCJjb250ZW50IjoicG9zdF9saW5rX3VybF9wYWdlIiwic2V0dGluZ3MiOnsicG9zdF9pZCI6IjI5ODEifX0=@&#8221; button_text=&#8221;FAIRE UN DEVIS&#8221; button_alignment=&#8221;center&#8221; button_alignment_tablet=&#8221;&#8221; button_alignment_phone=&#8221;&#8221; button_alignment_last_edited=&#8221;on|desktop&#8221; _builder_version=&#8221;4.17.4&#8243; _dynamic_attributes=&#8221;button_url&#8221; custom_button=&#8221;on&#8221; button_text_color=&#8221;#ffffff&#8221; button_bg_color=&#8221;#e09900&#8243; button_border_width=&#8221;0px&#8221; button_border_radius=&#8221;45px&#8221; button_icon=&#8221;&#x3d;||divi||400&#8243; button_icon_color=&#8221;#ffffff&#8221; custom_margin=&#8221;|-100px|||false|false&#8221; custom_margin_tablet=&#8221;|0px|||false|false&#8221; custom_margin_phone=&#8221;|0px|||false|false&#8221; custom_margin_last_edited=&#8221;on|desktop&#8221; hover_enabled=&#8221;0&#8243; global_colors_info=&#8221;{}&#8221; sticky_enabled=&#8221;0&#8243;][\/et_pb_button][\/et_pb_column][et_pb_column type=&#8221;1_2&#8243; _builder_version=&#8221;4.16&#8243; global_colors_info=&#8221;{}&#8221;][et_pb_button button_url=&#8221;@ET-DC@eyJkeW5hbWljIjp0cnVlLCJjb250ZW50IjoicG9zdF9saW5rX3VybF9wYWdlIiwic2V0dGluZ3MiOnsicG9zdF9pZCI6IjI5OTIifX0=@&#8221; button_text=&#8221;NOUS CONTACTER&#8221; button_alignment=&#8221;center&#8221; _builder_version=&#8221;4.17.4&#8243; _dynamic_attributes=&#8221;button_url&#8221; custom_button=&#8221;on&#8221; button_text_color=&#8221;#ffffff&#8221; button_bg_color=&#8221;#e09900&#8243; button_border_width=&#8221;0px&#8221; button_border_radius=&#8221;45px&#8221; button_icon=&#8221;&#x3d;||divi||400&#8243; button_icon_color=&#8221;#ffffff&#8221; custom_margin=&#8221;|||-100px|false|false&#8221; custom_margin_tablet=&#8221;|||0px|false|false&#8221; custom_margin_phone=&#8221;|||0px|false|false&#8221; custom_margin_last_edited=&#8221;on|desktop&#8221; hover_enabled=&#8221;0&#8243; global_colors_info=&#8221;{}&#8221; sticky_enabled=&#8221;0&#8243;][\/et_pb_button][\/et_pb_column][\/et_pb_row][et_pb_row _builder_version=&#8221;4.16&#8243; global_colors_info=&#8221;{}&#8221;][et_pb_column type=&#8221;4_4&#8243; _builder_version=&#8221;4.16&#8243; global_colors_info=&#8221;{}&#8221;][et_pb_text _builder_version=&#8221;4.17.4&#8243; text_text_color=&#8221;#8e8e8e&#8221; text_font_size=&#8221;20px&#8221; positioning=&#8221;relative&#8221; vertical_offset=&#8221;0px&#8221; horizontal_offset=&#8221;0px&#8221; hover_enabled=&#8221;0&#8243; global_colors_info=&#8221;{}&#8221; sticky_enabled=&#8221;0&#8243;]\n<p class=\"tw-data-text tw-text-large tw-ta\" data-placeholder=\"Translation\" id=\"tw-target-text\" dir=\"ltr\" style=\"text-align: center;\"><span style=\"font-size: xx-large;\"><strong><span class=\"Y2IQFc\" lang=\"fr\" style=\"color: #ffffff;\">Donnez une voix \u00e0 vos contenus ! <\/span><\/strong><\/span><\/p>\n<p class=\"tw-data-text tw-text-large tw-ta\" data-placeholder=\"Translation\" dir=\"ltr\" style=\"text-align: center;\"><span style=\"font-size: xx-large;\"><strong><span class=\"Y2IQFc\" lang=\"fr\" style=\"color: #ffffff;\">Documentaires, Life-Style, en 5 langues <\/span><\/strong><\/span><\/p>\n<p class=\"tw-data-text tw-text-large tw-ta\" data-placeholder=\"Translation\" dir=\"ltr\" style=\"text-align: center;\"><span style=\"color: #e09900;\"><strong><span class=\"Y2IQFc\" lang=\"fr\">FRAN\u00c7AIS<span style=\"color: #ffffff;\"> \/<\/span> ESPAGNOL <span style=\"color: #ffffff;\">\/<\/span> \u00a0ALLEMAND <span style=\"color: #ffffff;\">\/<\/span> ANGLAIS UK &amp; US <\/span><\/strong><\/span><\/p>\n<p class=\"tw-data-text tw-text-large tw-ta\" data-placeholder=\"Translation\" dir=\"ltr\" style=\"text-align: center;\"><span class=\"Y2IQFc\" lang=\"fr\">Nous offrons des solutions compl\u00e8tes pour vos contenus. Profitant d&#8217;une situation g\u00e9ographique \u00e0 Barcelone, nous pouvons travailler en 5 langues de destination \u00e0 des tarifs comp\u00e9titifs. <\/span><\/p>\n<p class=\"tw-data-text tw-text-large tw-ta\" data-placeholder=\"Translation\" dir=\"ltr\" style=\"text-align: center;\"><span class=\"Y2IQFc\" lang=\"fr\" style=\"color: #ffffff;\">Pas d&#8217;agence voix, pas de home studio, tout est enregistr\u00e9 dans nos studios \u00e0 Barcelone, avec des \u00e9quipes professionelles et exp\u00e9riment\u00e9es offrant les meilleurs services depuis un seul studio. <\/span><\/p>\n<p class=\"tw-data-text tw-text-large tw-ta\" data-placeholder=\"Translation\" dir=\"ltr\" style=\"text-align: center;\"><span class=\"Y2IQFc\" lang=\"fr\">&#8211; Tous formats, Docs, Doc-s\u00e9ries pour plateformes<\/span><\/p>\n<p class=\"tw-data-text tw-text-large tw-ta\" data-placeholder=\"Translation\" dir=\"ltr\" style=\"text-align: center;\"><span class=\"Y2IQFc\" lang=\"fr\">\u2013 Casting, session clients \u00e0 distance<\/span><\/p>\n<p class=\"tw-data-text tw-text-large tw-ta\" data-placeholder=\"Translation\" dir=\"ltr\" style=\"text-align: center;\"><span class=\"Y2IQFc\" lang=\"fr\">\u2013 Direction artistique \/ 3 niveaux de contr\u00f4le qualit\u00e9 <\/span><\/p>\n<p class=\"tw-data-text tw-text-large tw-ta\" data-placeholder=\"Translation\" dir=\"ltr\" style=\"text-align: center;\"><span class=\"Y2IQFc\" lang=\"fr\">\u2013 Traduction et adaptation de texte \/ Mixage 2.0 (st\u00e9r\u00e9o), 5.1 surround<\/span><\/p>\n<p class=\"tw-data-text tw-text-large tw-ta\" data-placeholder=\"Translation\" dir=\"ltr\" style=\"text-align: center;\"><span class=\"Y2IQFc\" lang=\"fr\">&#8211; Grande capacit\u00e9 et rotation rapide de livraison<\/span><\/p>\n<p class=\"tw-data-text tw-text-large tw-ta\" data-placeholder=\"Translation\" dir=\"ltr\" style=\"text-align: center;\"><span class=\"Y2IQFc\" lang=\"fr\">Nous enregistrons \u00e9galement votre contenu pour les r\u00e9seaux sociaux : <\/span><\/p>\n<p class=\"tw-data-text tw-text-large tw-ta\" data-placeholder=\"Translation\" dir=\"ltr\" style=\"text-align: center;\"><span class=\"Y2IQFc\" lang=\"fr\">Instagram, Facebook, Youtube, TikTok<\/span><\/p>\n<p class=\"tw-data-text tw-text-large tw-ta\" data-placeholder=\"Translation\" dir=\"ltr\" style=\"text-align: center;\">\n<p style=\"text-align: center;\">\n[\/et_pb_text][\/et_pb_column][\/et_pb_row][et_pb_row custom_padding_last_edited=&#8221;on|phone&#8221; _builder_version=&#8221;4.17.4&#8243; custom_padding=&#8221;20px||0px||false|false&#8221; custom_padding_tablet=&#8221;&#8221; custom_padding_phone=&#8221;22px||0px||false|false&#8221; global_colors_info=&#8221;{}&#8221;][et_pb_column type=&#8221;4_4&#8243; _builder_version=&#8221;4.16&#8243; global_colors_info=&#8221;{}&#8221;][et_pb_text _builder_version=&#8221;4.17.4&#8243; text_font=&#8221;|600|||||||&#8221; text_text_color=&#8221;#666666&#8243; text_orientation=&#8221;center&#8221; custom_margin=&#8221;||2px|||&#8221; hover_enabled=&#8221;0&#8243; text_text_color_tablet=&#8221;&#8221; text_text_color_phone=&#8221;#e09900&#8243; text_text_color_last_edited=&#8221;on|phone&#8221; global_colors_info=&#8221;{}&#8221; sticky_enabled=&#8221;0&#8243;]\n<p><span style=\"color: #ffcc00;\">VOIR AUSSI<\/span><\/p>\n<p style=\"text-align: center;\">[\/et_pb_text][\/et_pb_column][\/et_pb_row][et_pb_row column_structure=&#8221;1_6,1_6,1_6,1_6,1_6,1_6&#8243; custom_padding_last_edited=&#8221;on|desktop&#8221; _builder_version=&#8221;4.17.4&#8243; _module_preset=&#8221;default&#8221; custom_padding=&#8221;50px||50px||false|false&#8221; custom_padding_tablet=&#8221;50px||50px||false|false&#8221; custom_padding_phone=&#8221;50px||50px||false|false&#8221; global_colors_info=&#8221;{}&#8221; theme_builder_area=&#8221;post_content&#8221;][et_pb_column type=&#8221;1_6&#8243; _builder_version=&#8221;4.17.4&#8243; _module_preset=&#8221;default&#8221; global_colors_info=&#8221;{}&#8221; theme_builder_area=&#8221;post_content&#8221;][et_pb_image src=&#8221;http:\/\/orkestra.studio\/sound\/wp-content\/uploads\/2022\/05\/GAMING.png&#8221; title_text=&#8221;GAMING-TXT&#8221; _builder_version=&#8221;4.17.4&#8243; _module_preset=&#8221;default&#8221; width=&#8221;60%&#8221; width_tablet=&#8221;60%&#8221; width_phone=&#8221;60%&#8221; width_last_edited=&#8221;on|desktop&#8221; filter_invert=&#8221;100%&#8221; animation_style=&#8221;bounce&#8221; filter_invert_last_edited=&#8221;off|desktop&#8221; global_colors_info=&#8221;{}&#8221; src__hover_enabled=&#8221;on|hover&#8221; src__hover=&#8221;http:\/\/orkestra.studio\/sound\/wp-content\/uploads\/2022\/05\/GAMING-TXT.png&#8221; filter_invert__hover_enabled=&#8221;on|hover&#8221; filter_invert__hover=&#8221;0%&#8221; theme_builder_area=&#8221;post_content&#8221;][\/et_pb_image][\/et_pb_column][et_pb_column type=&#8221;1_6&#8243; _builder_version=&#8221;4.17.4&#8243; _module_preset=&#8221;default&#8221; global_colors_info=&#8221;{}&#8221; theme_builder_area=&#8221;post_content&#8221;][et_pb_image src=&#8221;http:\/\/orkestra.studio\/sound\/wp-content\/uploads\/2022\/05\/LEARNING.png&#8221; title_text=&#8221;E-LEARNING-TXT&#8221; _builder_version=&#8221;4.17.4&#8243; _module_preset=&#8221;default&#8221; width=&#8221;60%&#8221; width_tablet=&#8221;60%&#8221; width_phone=&#8221;60%&#8221; width_last_edited=&#8221;on|desktop&#8221; filter_invert=&#8221;100%&#8221; animation_style=&#8221;bounce&#8221; animation_delay=&#8221;100ms&#8221; filter_invert_last_edited=&#8221;off|desktop&#8221; global_colors_info=&#8221;{}&#8221; src__hover_enabled=&#8221;on|hover&#8221; src__hover=&#8221;http:\/\/orkestra.studio\/sound\/wp-content\/uploads\/2022\/05\/E-LEARNING-TXT.png&#8221; theme_builder_area=&#8221;post_content&#8221;][\/et_pb_image][\/et_pb_column][et_pb_column type=&#8221;1_6&#8243; _builder_version=&#8221;4.17.4&#8243; _module_preset=&#8221;default&#8221; global_colors_info=&#8221;{}&#8221; theme_builder_area=&#8221;post_content&#8221;][et_pb_image src=&#8221;http:\/\/orkestra.studio\/sound\/wp-content\/uploads\/2022\/05\/DUBBING.png&#8221; title_text=&#8221;DOUBLAGE-TXT&#8221; _builder_version=&#8221;4.17.4&#8243; _module_preset=&#8221;default&#8221; width=&#8221;60%&#8221; width_tablet=&#8221;60%&#8221; width_phone=&#8221;60%&#8221; width_last_edited=&#8221;on|desktop&#8221; filter_invert=&#8221;100%&#8221; animation_style=&#8221;bounce&#8221; animation_delay=&#8221;200ms&#8221; hover_enabled=&#8221;0&#8243; global_colors_info=&#8221;{}&#8221; src__hover_enabled=&#8221;on|desktop&#8221; src__hover=&#8221;http:\/\/orkestra.studio\/sound\/wp-content\/uploads\/2022\/05\/DOUBLAGE-TXT.png&#8221; theme_builder_area=&#8221;post_content&#8221; sticky_enabled=&#8221;0&#8243;][\/et_pb_image][\/et_pb_column][et_pb_column type=&#8221;1_6&#8243; _builder_version=&#8221;4.17.4&#8243; _module_preset=&#8221;default&#8221; global_colors_info=&#8221;{}&#8221; theme_builder_area=&#8221;post_content&#8221;][et_pb_image src=&#8221;http:\/\/orkestra.studio\/sound\/wp-content\/uploads\/2022\/05\/MIXING.png&#8221; title_text=&#8221;MIXAGE-TXT&#8221; _builder_version=&#8221;4.17.4&#8243; _module_preset=&#8221;default&#8221; width=&#8221;60%&#8221; width_tablet=&#8221;60%&#8221; width_phone=&#8221;60%&#8221; width_last_edited=&#8221;on|desktop&#8221; filter_invert=&#8221;100%&#8221; animation_style=&#8221;bounce&#8221; animation_delay=&#8221;300ms&#8221; global_colors_info=&#8221;{}&#8221; src__hover_enabled=&#8221;on|hover&#8221; src__hover=&#8221;http:\/\/orkestra.studio\/sound\/wp-content\/uploads\/2022\/05\/MIXAGE-TXT.png&#8221; theme_builder_area=&#8221;post_content&#8221;][\/et_pb_image][\/et_pb_column][et_pb_column type=&#8221;1_6&#8243; _builder_version=&#8221;4.17.4&#8243; _module_preset=&#8221;default&#8221; global_colors_info=&#8221;{}&#8221; theme_builder_area=&#8221;post_content&#8221;][et_pb_image src=&#8221;http:\/\/orkestra.studio\/sound\/wp-content\/uploads\/2022\/05\/POST-PRO.png&#8221; title_text=&#8221;POST-PRO-TXT&#8221; _builder_version=&#8221;4.17.4&#8243; _module_preset=&#8221;default&#8221; width=&#8221;60%&#8221; width_tablet=&#8221;60%&#8221; width_phone=&#8221;60%&#8221; width_last_edited=&#8221;on|desktop&#8221; filter_invert=&#8221;100%&#8221; animation_style=&#8221;bounce&#8221; animation_delay=&#8221;400ms&#8221; global_colors_info=&#8221;{}&#8221; src__hover_enabled=&#8221;on|hover&#8221; src__hover=&#8221;http:\/\/orkestra.studio\/sound\/wp-content\/uploads\/2022\/05\/POST-PRO-TXT.png&#8221; theme_builder_area=&#8221;post_content&#8221;][\/et_pb_image][\/et_pb_column][et_pb_column type=&#8221;1_6&#8243; _builder_version=&#8221;4.17.4&#8243; _module_preset=&#8221;default&#8221; global_colors_info=&#8221;{}&#8221; theme_builder_area=&#8221;post_content&#8221;][et_pb_image src=&#8221;http:\/\/orkestra.studio\/sound\/wp-content\/uploads\/2022\/05\/ADS.png&#8221; title_text=&#8221;PUB-TXT&#8221; _builder_version=&#8221;4.17.4&#8243; _module_preset=&#8221;default&#8221; width=&#8221;60%&#8221; width_tablet=&#8221;60%&#8221; width_phone=&#8221;60%&#8221; width_last_edited=&#8221;on|desktop&#8221; filter_invert=&#8221;100%&#8221; animation_style=&#8221;bounce&#8221; animation_delay=&#8221;500ms&#8221; hover_enabled=&#8221;0&#8243; global_colors_info=&#8221;{}&#8221; src__hover_enabled=&#8221;on|hover&#8221; src__hover=&#8221;http:\/\/orkestra.studio\/sound\/wp-content\/uploads\/2022\/07\/PUB-TXT.png&#8221; theme_builder_area=&#8221;post_content&#8221; alt=&#8221;ORKESTRA STUDIO&#8221; sticky_enabled=&#8221;0&#8243;][\/et_pb_image][\/et_pb_column][\/et_pb_row][\/et_pb_section]\n","protected":false},"excerpt":{"rendered":"<p>VOIX OFFDonnez une voix \u00e0 vos contenus ! Documentaires, Life-Style, en 5 langues FRAN\u00c7AIS \/ ESPAGNOL \/ \u00a0ALLEMAND \/ ANGLAIS UK &amp; US Nous offrons des solutions compl\u00e8tes pour vos contenus. Profitant d&#8217;une situation g\u00e9ographique \u00e0 Barcelone, nous pouvons travailler en 5 langues de destination \u00e0 des tarifs comp\u00e9titifs. Pas d&#8217;agence voix, pas de home [&hellip;]<\/p>\n","protected":false},"author":1,"featured_media":0,"parent":0,"menu_order":0,"comment_status":"closed","ping_status":"closed","template":"","meta":{"_et_pb_use_builder":"on","_et_pb_old_content":"","_et_gb_content_width":"","footnotes":""},"class_list":["post-4217","page","type-page","status-publish","hentry"],"yoast_head":"<!-- This site is optimized with the Yoast SEO plugin v22.5 - https:\/\/yoast.com\/wordpress\/plugins\/seo\/ -->\n<title>Services d\u00b4enregistrement de Voix Off - ORKESTRA STUDIO<\/title>\n<meta name=\"description\" content=\"Nos services d\u00b4enregistrements de voix off par nos \u00e9quipes professionelles en 5 langues depuis nos studios pro \u00e0 Barcelone.\" \/>\n<meta name=\"robots\" content=\"index, follow, max-snippet:-1, max-image-preview:large, max-video-preview:-1\" \/>\n<link rel=\"canonical\" href=\"http:\/\/orkestra.studio\/sound\/fr\/services-denregistrement-de-voix-off\/\" \/>\n<meta property=\"og:locale\" content=\"en_US\" \/>\n<meta property=\"og:type\" content=\"article\" \/>\n<meta property=\"og:title\" content=\"Services d\u00b4enregistrement de Voix Off - ORKESTRA STUDIO\" \/>\n<meta property=\"og:description\" content=\"Nos services d\u00b4enregistrements de voix off par nos \u00e9quipes professionelles en 5 langues depuis nos studios pro \u00e0 Barcelone.\" \/>\n<meta property=\"og:url\" content=\"http:\/\/orkestra.studio\/sound\/fr\/services-denregistrement-de-voix-off\/\" \/>\n<meta property=\"og:site_name\" content=\"ORKESTRA STUDIO\" \/>\n<meta property=\"article:modified_time\" content=\"2022-07-08T09:56:20+00:00\" \/>\n<meta name=\"twitter:card\" content=\"summary_large_image\" \/>\n<meta name=\"twitter:label1\" content=\"Est. reading time\" \/>\n\t<meta name=\"twitter:data1\" content=\"2 minutes\" \/>\n<script type=\"application\/ld+json\" class=\"yoast-schema-graph\">{\"@context\":\"https:\/\/schema.org\",\"@graph\":[{\"@type\":\"WebPage\",\"@id\":\"http:\/\/orkestra.studio\/sound\/fr\/services-denregistrement-de-voix-off\/\",\"url\":\"http:\/\/orkestra.studio\/sound\/fr\/services-denregistrement-de-voix-off\/\",\"name\":\"Services d\u00b4enregistrement de Voix Off - ORKESTRA STUDIO\",\"isPartOf\":{\"@id\":\"http:\/\/orkestra.studio\/sound\/#website\"},\"datePublished\":\"2022-07-08T09:45:31+00:00\",\"dateModified\":\"2022-07-08T09:56:20+00:00\",\"description\":\"Nos services d\u00b4enregistrements de voix off par nos \u00e9quipes professionelles en 5 langues depuis nos studios pro \u00e0 Barcelone.\",\"breadcrumb\":{\"@id\":\"http:\/\/orkestra.studio\/sound\/fr\/services-denregistrement-de-voix-off\/#breadcrumb\"},\"inLanguage\":\"en-US\",\"potentialAction\":[{\"@type\":\"ReadAction\",\"target\":[\"http:\/\/orkestra.studio\/sound\/fr\/services-denregistrement-de-voix-off\/\"]}]},{\"@type\":\"BreadcrumbList\",\"@id\":\"http:\/\/orkestra.studio\/sound\/fr\/services-denregistrement-de-voix-off\/#breadcrumb\",\"itemListElement\":[{\"@type\":\"ListItem\",\"position\":1,\"name\":\"Home\",\"item\":\"http:\/\/orkestra.studio\/sound\/\"},{\"@type\":\"ListItem\",\"position\":2,\"name\":\"Services d\u00b4enregistrement de Voix Off\"}]},{\"@type\":\"WebSite\",\"@id\":\"http:\/\/orkestra.studio\/sound\/#website\",\"url\":\"http:\/\/orkestra.studio\/sound\/\",\"name\":\"ORKESTRA STUDIO\",\"description\":\"Localization dubbing\",\"potentialAction\":[{\"@type\":\"SearchAction\",\"target\":{\"@type\":\"EntryPoint\",\"urlTemplate\":\"http:\/\/orkestra.studio\/sound\/?s={search_term_string}\"},\"query-input\":\"required name=search_term_string\"}],\"inLanguage\":\"en-US\"}]}<\/script>\n<!-- \/ Yoast SEO plugin. -->","yoast_head_json":{"title":"Services d\u00b4enregistrement de Voix Off - ORKESTRA STUDIO","description":"Nos services d\u00b4enregistrements de voix off par nos \u00e9quipes professionelles en 5 langues depuis nos studios pro \u00e0 Barcelone.","robots":{"index":"index","follow":"follow","max-snippet":"max-snippet:-1","max-image-preview":"max-image-preview:large","max-video-preview":"max-video-preview:-1"},"canonical":"http:\/\/orkestra.studio\/sound\/fr\/services-denregistrement-de-voix-off\/","og_locale":"en_US","og_type":"article","og_title":"Services d\u00b4enregistrement de Voix Off - ORKESTRA STUDIO","og_description":"Nos services d\u00b4enregistrements de voix off par nos \u00e9quipes professionelles en 5 langues depuis nos studios pro \u00e0 Barcelone.","og_url":"http:\/\/orkestra.studio\/sound\/fr\/services-denregistrement-de-voix-off\/","og_site_name":"ORKESTRA STUDIO","article_modified_time":"2022-07-08T09:56:20+00:00","twitter_card":"summary_large_image","twitter_misc":{"Est. reading time":"2 minutes"},"schema":{"@context":"https:\/\/schema.org","@graph":[{"@type":"WebPage","@id":"http:\/\/orkestra.studio\/sound\/fr\/services-denregistrement-de-voix-off\/","url":"http:\/\/orkestra.studio\/sound\/fr\/services-denregistrement-de-voix-off\/","name":"Services d\u00b4enregistrement de Voix Off - ORKESTRA STUDIO","isPartOf":{"@id":"http:\/\/orkestra.studio\/sound\/#website"},"datePublished":"2022-07-08T09:45:31+00:00","dateModified":"2022-07-08T09:56:20+00:00","description":"Nos services d\u00b4enregistrements de voix off par nos \u00e9quipes professionelles en 5 langues depuis nos studios pro \u00e0 Barcelone.","breadcrumb":{"@id":"http:\/\/orkestra.studio\/sound\/fr\/services-denregistrement-de-voix-off\/#breadcrumb"},"inLanguage":"en-US","potentialAction":[{"@type":"ReadAction","target":["http:\/\/orkestra.studio\/sound\/fr\/services-denregistrement-de-voix-off\/"]}]},{"@type":"BreadcrumbList","@id":"http:\/\/orkestra.studio\/sound\/fr\/services-denregistrement-de-voix-off\/#breadcrumb","itemListElement":[{"@type":"ListItem","position":1,"name":"Home","item":"http:\/\/orkestra.studio\/sound\/"},{"@type":"ListItem","position":2,"name":"Services d\u00b4enregistrement de Voix Off"}]},{"@type":"WebSite","@id":"http:\/\/orkestra.studio\/sound\/#website","url":"http:\/\/orkestra.studio\/sound\/","name":"ORKESTRA STUDIO","description":"Localization dubbing","potentialAction":[{"@type":"SearchAction","target":{"@type":"EntryPoint","urlTemplate":"http:\/\/orkestra.studio\/sound\/?s={search_term_string}"},"query-input":"required name=search_term_string"}],"inLanguage":"en-US"}]}},"_links":{"self":[{"href":"http:\/\/orkestra.studio\/sound\/wp-json\/wp\/v2\/pages\/4217","targetHints":{"allow":["GET"]}}],"collection":[{"href":"http:\/\/orkestra.studio\/sound\/wp-json\/wp\/v2\/pages"}],"about":[{"href":"http:\/\/orkestra.studio\/sound\/wp-json\/wp\/v2\/types\/page"}],"author":[{"embeddable":true,"href":"http:\/\/orkestra.studio\/sound\/wp-json\/wp\/v2\/users\/1"}],"replies":[{"embeddable":true,"href":"http:\/\/orkestra.studio\/sound\/wp-json\/wp\/v2\/comments?post=4217"}],"version-history":[{"count":3,"href":"http:\/\/orkestra.studio\/sound\/wp-json\/wp\/v2\/pages\/4217\/revisions"}],"predecessor-version":[{"id":4221,"href":"http:\/\/orkestra.studio\/sound\/wp-json\/wp\/v2\/pages\/4217\/revisions\/4221"}],"wp:attachment":[{"href":"http:\/\/orkestra.studio\/sound\/wp-json\/wp\/v2\/media?parent=4217"}],"curies":[{"name":"wp","href":"https:\/\/api.w.org\/{rel}","templated":true}]}}